{"id":3760,"date":"2025-05-04T13:12:36","date_gmt":"2025-05-04T13:12:36","guid":{"rendered":"https:\/\/www.oxfordchelm.pl\/?page_id=3760"},"modified":"2025-05-21T18:09:51","modified_gmt":"2025-05-21T18:09:51","slug":"prezentacja","status":"publish","type":"page","link":"https:\/\/www.oxfordchelm.pl\/index.php\/prezentacja\/","title":{"rendered":"Prezentacja"},"content":{"rendered":"<div class=\"wpb-content-wrapper\"><p>[vc_row][vc_column][stm_spacing lg_spacing=&#8221;45&#8243; md_spacing=&#8221;45&#8243; sm_spacing=&#8221;45&#8243; xs_spacing=&#8221;45&#8243;][\/vc_column][\/vc_row][vc_row][vc_column width=&#8221;1\/6&#8243;][\/vc_column][vc_column width=&#8221;2\/3&#8243;][vc_column_text css=&#8221;&#8221;]Zach\u0119camy do pobrania prezentacji naszej szko\u0142y \u2013 znajdziesz w niej wizj\u0119, misj\u0119 oraz kluczowe za\u0142o\u017cenia, kt\u00f3re ju\u017c wkr\u00f3tce stworz\u0105 wyj\u0105tkowe miejsce do nauki i rozwoju Twojego dziecka.[\/vc_column_text][\/vc_column][vc_column width=&#8221;1\/6&#8243;][\/vc_column][\/vc_row][vc_row][vc_column width=&#8221;1\/3&#8243;][\/vc_column][vc_column width=&#8221;1\/3&#8243;][stm_btn btn_link=&#8221;url:https%3A%2F%2Fwww.oxfordchelm.pl%2Fwp-content%2Fuploads%2F2025%2F05%2FOXFORD-SCHOOL-prezentacja-wersja-do-aplkacji-wersja-ostateczna.pdf|title:Prezentacja%20PDF|target:_blank&#8221; css=&#8221;.vc_custom_1746365599494{background-color: #EEEEEE00 !important;border-color: #EEEEEE00 !important;}&#8221;][\/vc_column][vc_column width=&#8221;1\/3&#8243;][\/vc_column][\/vc_row]<\/p>\n<\/div>","protected":false},"excerpt":{"rendered":"<p>[vc_row][vc_column][stm_spacing lg_spacing=&#8221;45&#8243; md_spacing=&#8221;45&#8243; sm_spacing=&#8221;45&#8243; xs_spacing=&#8221;45&#8243;][\/vc_column][\/vc_row][vc_row][vc_column width=&#8221;1\/6&#8243;][\/vc_column][vc_column width=&#8221;2\/3&#8243;][vc_column_text css=&#8221;&#8221;]Zach\u0119camy do pobrania prezentacji naszej szko\u0142y \u2013 znajdziesz w niej wizj\u0119, misj\u0119 oraz kluczowe za\u0142o\u017cenia, kt\u00f3re ju\u017c wkr\u00f3tce stworz\u0105 wyj\u0105tkowe miejsce do nauki i rozwoju Twojego dziecka.[\/vc_column_text][\/vc_column][vc_column width=&#8221;1\/6&#8243;][\/vc_column][\/vc_row][vc_row][vc_column width=&#8221;1\/3&#8243;][\/vc_column][vc_column width=&#8221;1\/3&#8243;][stm_btn btn_link=&#8221;url:https%3A%2F%2Fwww.oxfordchelm.pl%2Fwp-content%2Fuploads%2F2025%2F05%2FOXFORD-SCHOOL-prezentacja-wersja-do-aplkacji-wersja-ostateczna.pdf|title:Prezentacja%20PDF|target:_blank&#8221; css=&#8221;.vc_custom_1746365599494{background-color: #EEEEEE00 !important;border-color: #EEEEEE00 !important;}&#8221;][\/vc_column][vc_column width=&#8221;1\/3&#8243;][\/vc_column][\/vc_row]<\/p>\n","protected":false},"author":1,"featured_media":0,"parent":0,"menu_order":0,"comment_status":"closed","ping_status":"closed","template":"","meta":{"footnotes":""},"class_list":["post-3760","page","type-page","status-publish","hentry"],"yoast_head":"<!-- This site is optimized with the Yoast SEO plugin v27.4 - https:\/\/yoast.com\/product\/yoast-seo-wordpress\/ -->\n<title>Prezentacja - Oxford School<\/title>\n<meta name=\"robots\" content=\"index, follow, max-snippet:-1, max-image-preview:large, max-video-preview:-1\" \/>\n<link rel=\"canonical\" href=\"https:\/\/www.oxfordchelm.pl\/index.php\/prezentacja\/\" \/>\n<meta property=\"og:locale\" content=\"pl_PL\" \/>\n<meta property=\"og:type\" content=\"article\" \/>\n<meta property=\"og:title\" content=\"Prezentacja - Oxford School\" \/>\n<meta property=\"og:description\" content=\"[vc_row][vc_column][stm_spacing lg_spacing=&#8221;45&#8243; md_spacing=&#8221;45&#8243; sm_spacing=&#8221;45&#8243; xs_spacing=&#8221;45&#8243;][\/vc_column][\/vc_row][vc_row][vc_column width=&#8221;1\/6&#8243;][\/vc_column][vc_column width=&#8221;2\/3&#8243;][vc_column_text css=&#8221;&#8221;]Zach\u0119camy do pobrania prezentacji naszej szko\u0142y \u2013 znajdziesz w niej wizj\u0119, misj\u0119 oraz kluczowe za\u0142o\u017cenia, kt\u00f3re ju\u017c wkr\u00f3tce stworz\u0105 wyj\u0105tkowe miejsce do nauki i rozwoju Twojego dziecka.[\/vc_column_text][\/vc_column][vc_column width=&#8221;1\/6&#8243;][\/vc_column][\/vc_row][vc_row][vc_column width=&#8221;1\/3&#8243;][\/vc_column][vc_column width=&#8221;1\/3&#8243;][stm_btn btn_link=&#8221;url:https%3A%2F%2Fwww.oxfordchelm.pl%2Fwp-content%2Fuploads%2F2025%2F05%2FOXFORD-SCHOOL-prezentacja-wersja-do-aplkacji-wersja-ostateczna.pdf|title:Prezentacja%20PDF|target:_blank&#8221; css=&#8221;.vc_custom_1746365599494{background-color: #EEEEEE00 !important;border-color: #EEEEEE00 !important;}&#8221;][\/vc_column][vc_column width=&#8221;1\/3&#8243;][\/vc_column][\/vc_row]\" \/>\n<meta property=\"og:url\" content=\"https:\/\/www.oxfordchelm.pl\/index.php\/prezentacja\/\" \/>\n<meta property=\"og:site_name\" content=\"Oxford School\" \/>\n<meta property=\"article:modified_time\" content=\"2025-05-21T18:09:51+00:00\" \/>\n<meta name=\"twitter:card\" content=\"summary_large_image\" \/>\n<meta name=\"twitter:label1\" content=\"Szacowany czas czytania\" \/>\n\t<meta name=\"twitter:data1\" content=\"1 minuta\" \/>\n<script type=\"application\/ld+json\" class=\"yoast-schema-graph\">{\"@context\":\"https:\\\/\\\/schema.org\",\"@graph\":[{\"@type\":\"WebPage\",\"@id\":\"https:\\\/\\\/www.oxfordchelm.pl\\\/index.php\\\/prezentacja\\\/\",\"url\":\"https:\\\/\\\/www.oxfordchelm.pl\\\/index.php\\\/prezentacja\\\/\",\"name\":\"Prezentacja - Oxford School\",\"isPartOf\":{\"@id\":\"https:\\\/\\\/www.oxfordchelm.pl\\\/#website\"},\"datePublished\":\"2025-05-04T13:12:36+00:00\",\"dateModified\":\"2025-05-21T18:09:51+00:00\",\"breadcrumb\":{\"@id\":\"https:\\\/\\\/www.oxfordchelm.pl\\\/index.php\\\/prezentacja\\\/#breadcrumb\"},\"inLanguage\":\"pl-PL\",\"potentialAction\":[{\"@type\":\"ReadAction\",\"target\":[\"https:\\\/\\\/www.oxfordchelm.pl\\\/index.php\\\/prezentacja\\\/\"]}]},{\"@type\":\"BreadcrumbList\",\"@id\":\"https:\\\/\\\/www.oxfordchelm.pl\\\/index.php\\\/prezentacja\\\/#breadcrumb\",\"itemListElement\":[{\"@type\":\"ListItem\",\"position\":1,\"name\":\"Strona g\u0142\u00f3wna\",\"item\":\"https:\\\/\\\/www.oxfordchelm.pl\\\/\"},{\"@type\":\"ListItem\",\"position\":2,\"name\":\"Prezentacja\"}]},{\"@type\":\"WebSite\",\"@id\":\"https:\\\/\\\/www.oxfordchelm.pl\\\/#website\",\"url\":\"https:\\\/\\\/www.oxfordchelm.pl\\\/\",\"name\":\"Oxford School\",\"description\":\"\",\"publisher\":{\"@id\":\"https:\\\/\\\/www.oxfordchelm.pl\\\/#organization\"},\"potentialAction\":[{\"@type\":\"SearchAction\",\"target\":{\"@type\":\"EntryPoint\",\"urlTemplate\":\"https:\\\/\\\/www.oxfordchelm.pl\\\/?s={search_term_string}\"},\"query-input\":{\"@type\":\"PropertyValueSpecification\",\"valueRequired\":true,\"valueName\":\"search_term_string\"}}],\"inLanguage\":\"pl-PL\"},{\"@type\":\"Organization\",\"@id\":\"https:\\\/\\\/www.oxfordchelm.pl\\\/#organization\",\"name\":\"Oxford School\",\"url\":\"https:\\\/\\\/www.oxfordchelm.pl\\\/\",\"logo\":{\"@type\":\"ImageObject\",\"inLanguage\":\"pl-PL\",\"@id\":\"https:\\\/\\\/www.oxfordchelm.pl\\\/#\\\/schema\\\/logo\\\/image\\\/\",\"url\":\"https:\\\/\\\/www.oxfordchelm.pl\\\/wp-content\\\/uploads\\\/2025\\\/05\\\/cropped-Logo.png\",\"contentUrl\":\"https:\\\/\\\/www.oxfordchelm.pl\\\/wp-content\\\/uploads\\\/2025\\\/05\\\/cropped-Logo.png\",\"width\":512,\"height\":512,\"caption\":\"Oxford School\"},\"image\":{\"@id\":\"https:\\\/\\\/www.oxfordchelm.pl\\\/#\\\/schema\\\/logo\\\/image\\\/\"}}]}<\/script>\n<!-- \/ Yoast SEO plugin. -->","yoast_head_json":{"title":"Prezentacja - Oxford School","robots":{"index":"index","follow":"follow","max-snippet":"max-snippet:-1","max-image-preview":"max-image-preview:large","max-video-preview":"max-video-preview:-1"},"canonical":"https:\/\/www.oxfordchelm.pl\/index.php\/prezentacja\/","og_locale":"pl_PL","og_type":"article","og_title":"Prezentacja - Oxford School","og_description":"[vc_row][vc_column][stm_spacing lg_spacing=&#8221;45&#8243; md_spacing=&#8221;45&#8243; sm_spacing=&#8221;45&#8243; xs_spacing=&#8221;45&#8243;][\/vc_column][\/vc_row][vc_row][vc_column width=&#8221;1\/6&#8243;][\/vc_column][vc_column width=&#8221;2\/3&#8243;][vc_column_text css=&#8221;&#8221;]Zach\u0119camy do pobrania prezentacji naszej szko\u0142y \u2013 znajdziesz w niej wizj\u0119, misj\u0119 oraz kluczowe za\u0142o\u017cenia, kt\u00f3re ju\u017c wkr\u00f3tce stworz\u0105 wyj\u0105tkowe miejsce do nauki i rozwoju Twojego dziecka.[\/vc_column_text][\/vc_column][vc_column width=&#8221;1\/6&#8243;][\/vc_column][\/vc_row][vc_row][vc_column width=&#8221;1\/3&#8243;][\/vc_column][vc_column width=&#8221;1\/3&#8243;][stm_btn btn_link=&#8221;url:https%3A%2F%2Fwww.oxfordchelm.pl%2Fwp-content%2Fuploads%2F2025%2F05%2FOXFORD-SCHOOL-prezentacja-wersja-do-aplkacji-wersja-ostateczna.pdf|title:Prezentacja%20PDF|target:_blank&#8221; css=&#8221;.vc_custom_1746365599494{background-color: #EEEEEE00 !important;border-color: #EEEEEE00 !important;}&#8221;][\/vc_column][vc_column width=&#8221;1\/3&#8243;][\/vc_column][\/vc_row]","og_url":"https:\/\/www.oxfordchelm.pl\/index.php\/prezentacja\/","og_site_name":"Oxford School","article_modified_time":"2025-05-21T18:09:51+00:00","twitter_card":"summary_large_image","twitter_misc":{"Szacowany czas czytania":"1 minuta"},"schema":{"@context":"https:\/\/schema.org","@graph":[{"@type":"WebPage","@id":"https:\/\/www.oxfordchelm.pl\/index.php\/prezentacja\/","url":"https:\/\/www.oxfordchelm.pl\/index.php\/prezentacja\/","name":"Prezentacja - Oxford School","isPartOf":{"@id":"https:\/\/www.oxfordchelm.pl\/#website"},"datePublished":"2025-05-04T13:12:36+00:00","dateModified":"2025-05-21T18:09:51+00:00","breadcrumb":{"@id":"https:\/\/www.oxfordchelm.pl\/index.php\/prezentacja\/#breadcrumb"},"inLanguage":"pl-PL","potentialAction":[{"@type":"ReadAction","target":["https:\/\/www.oxfordchelm.pl\/index.php\/prezentacja\/"]}]},{"@type":"BreadcrumbList","@id":"https:\/\/www.oxfordchelm.pl\/index.php\/prezentacja\/#breadcrumb","itemListElement":[{"@type":"ListItem","position":1,"name":"Strona g\u0142\u00f3wna","item":"https:\/\/www.oxfordchelm.pl\/"},{"@type":"ListItem","position":2,"name":"Prezentacja"}]},{"@type":"WebSite","@id":"https:\/\/www.oxfordchelm.pl\/#website","url":"https:\/\/www.oxfordchelm.pl\/","name":"Oxford School","description":"","publisher":{"@id":"https:\/\/www.oxfordchelm.pl\/#organization"},"potentialAction":[{"@type":"SearchAction","target":{"@type":"EntryPoint","urlTemplate":"https:\/\/www.oxfordchelm.pl\/?s={search_term_string}"},"query-input":{"@type":"PropertyValueSpecification","valueRequired":true,"valueName":"search_term_string"}}],"inLanguage":"pl-PL"},{"@type":"Organization","@id":"https:\/\/www.oxfordchelm.pl\/#organization","name":"Oxford School","url":"https:\/\/www.oxfordchelm.pl\/","logo":{"@type":"ImageObject","inLanguage":"pl-PL","@id":"https:\/\/www.oxfordchelm.pl\/#\/schema\/logo\/image\/","url":"https:\/\/www.oxfordchelm.pl\/wp-content\/uploads\/2025\/05\/cropped-Logo.png","contentUrl":"https:\/\/www.oxfordchelm.pl\/wp-content\/uploads\/2025\/05\/cropped-Logo.png","width":512,"height":512,"caption":"Oxford School"},"image":{"@id":"https:\/\/www.oxfordchelm.pl\/#\/schema\/logo\/image\/"}}]}},"_links":{"self":[{"href":"https:\/\/www.oxfordchelm.pl\/index.php\/wp-json\/wp\/v2\/pages\/3760","targetHints":{"allow":["GET"]}}],"collection":[{"href":"https:\/\/www.oxfordchelm.pl\/index.php\/wp-json\/wp\/v2\/pages"}],"about":[{"href":"https:\/\/www.oxfordchelm.pl\/index.php\/wp-json\/wp\/v2\/types\/page"}],"author":[{"embeddable":true,"href":"https:\/\/www.oxfordchelm.pl\/index.php\/wp-json\/wp\/v2\/users\/1"}],"replies":[{"embeddable":true,"href":"https:\/\/www.oxfordchelm.pl\/index.php\/wp-json\/wp\/v2\/comments?post=3760"}],"version-history":[{"count":22,"href":"https:\/\/www.oxfordchelm.pl\/index.php\/wp-json\/wp\/v2\/pages\/3760\/revisions"}],"predecessor-version":[{"id":3823,"href":"https:\/\/www.oxfordchelm.pl\/index.php\/wp-json\/wp\/v2\/pages\/3760\/revisions\/3823"}],"wp:attachment":[{"href":"https:\/\/www.oxfordchelm.pl\/index.php\/wp-json\/wp\/v2\/media?parent=3760"}],"curies":[{"name":"wp","href":"https:\/\/api.w.org\/{rel}","templated":true}]}}