{"id":3374,"date":"2015-11-25T07:32:41","date_gmt":"2015-11-25T07:32:41","guid":{"rendered":"http:\/\/smartyschool.stylemixthemes.com\/?page_id=19"},"modified":"2025-05-17T16:26:35","modified_gmt":"2025-05-17T16:26:35","slug":"home","status":"publish","type":"page","link":"https:\/\/www.oxfordchelm.pl\/","title":{"rendered":"Home"},"content":{"rendered":"<div class=\"wpb-content-wrapper\"><p>[vc_row][vc_column][rev_slider_vc alias=&#8221;slider-1&#8243;][\/vc_column][\/vc_row][vc_row css=&#8221;.vc_custom_1448890853831{margin-bottom: 80px !important;}&#8221;][vc_column][stm_call_to_action btn_color=&#8221;blue&#8221; btn_link=&#8221;url:https%3A%2F%2Fwww.oxfordchelm.pl%2Findex.php%2Fkontakt%2F|title:Zapisy&#8221; title=&#8221;Zapisz swoje dziecko ju\u017c teraz!&#8221; image_id=&#8221;52&#8243; img_id=&#8221;3698&#8243; css=&#8221;.vc_custom_1746357036278{margin-top: -100px !important;border-top-width: 4px !important;background-color: #232C3F !important;border-color: #5E2129 !important;}&#8221; margin=&#8221;margin-top:15px;margin-bottom:16px;&#8221; btn_enable=&#8221;true&#8221; img_enable=&#8221;true&#8221; btn_custom_style=&#8221;true&#8221; btn_icon_enable=&#8221;true&#8221;]<\/p>\n<p style=\"text-align: left;\">Prowadzimy zapisy do klas: 0 (zer\u00f3wka),1, 2, 3, 4, 5 oraz 6.<\/p>\n<p>[\/stm_call_to_action][\/vc_column][\/vc_row][vc_row css=&#8221;.vc_custom_1448964580466{margin-bottom: 80px !important;}&#8221;][vc_column width=&#8221;1\/2&#8243; offset=&#8221;vc_col-lg-8 vc_col-md-7 vc_col-xs-12&#8243;][stm_title title_tag=&#8221;h2&#8243; title_color=&#8221;custom&#8221; sep_color=&#8221;custom&#8221; sep_enable=&#8221;true&#8221; title=&#8221;Poznaj nasz\u0105 szko\u0142\u0119&#8221; title_font=&#8221;text-indent:-3px;&#8221; css=&#8221;.vc_custom_1449644303491{margin-top: 10px !important;margin-bottom: 10px !important;padding-top: 4px !important;padding-right: 5px !important;padding-bottom: 4px !important;padding-left: 5px !important;}&#8221; sep_css=&#8221;margin-bottom:41px;&#8221; sep_margin_b=&#8221;41px&#8221; sep_color_custom=&#8221;#5E2129&#8243; title_color_custom=&#8221;#000000&#8243;][\/stm_title][vc_column_text css=&#8221;.vc_custom_1746366515673{margin-bottom: 0px !important;}&#8221;]<span style=\"font-weight: 400;\">Oxford School to dwuj\u0119zyczna, nowoczesna, niepubliczna szko\u0142a podstawowa w Che\u0142mie, tworzona z sercem, pasj\u0105 i ogromnym zaanga\u017cowaniem.<\/span><span style=\"font-weight: 400;\"><br \/>\n<\/span><span style=\"font-weight: 400;\"> Zrodzona z marze\u0144 o edukacji przyjaznej dziecku, w kt\u00f3rej rozw\u00f3j, bezpiecze\u0144stwo i rado\u015b\u0107 z nauki id\u0105 w parze.<\/span>[\/vc_column_text][stm_spacing xs_spacing=&#8221;20px&#8221; lg_spacing=&#8221;34px&#8221; md_spacing=&#8221;34px&#8221; sm_spacing=&#8221;34px&#8221;][stm_link link_color=&#8221;custom&#8221; link_icon_position=&#8221;right&#8221; link_icon_enable=&#8221;true&#8221; icon_vspace=&#8221;5px&#8221; link=&#8221;url:https%3A%2F%2Fwww.oxfordchelm.pl%2Findex.php%2Foxford-school%2F|title:Oxford%20School|target:_blank&#8221; link_text=&#8221;Dowiedz si\u0119 wi\u0119cej&#8221; link_color_custom=&#8221;#5E2129&#8243;][stm_spacing xs_spacing=&#8221;45px&#8221;][\/vc_column][vc_column width=&#8221;1\/2&#8243; offset=&#8221;vc_col-lg-4 vc_col-md-5 vc_col-xs-12&#8243;][stm_single_image img_responsive_enable=&#8221;true&#8221; img_id=&#8221;3741&#8243; img_size=&#8221;350&#215;290&#8243;][\/vc_column][\/vc_row][vc_row full_width=&#8221;stretch_row&#8221; parallax=&#8221;content-moving-fade&#8221; parallax_speed_bg=&#8221;0&#8243; css_animation=&#8221;none&#8221; css=&#8221;.vc_custom_1746271184887{background-color: #232C3F !important;border-color: #EEEEEE !important;}&#8221;][vc_column css_animation=&#8221;slideInLeft&#8221; width=&#8221;1\/2&#8243; css=&#8221;.vc_custom_1746272009246{border-radius: 2px !important;border-color: #232C3F !important;}&#8221;][stm_single_image img_alignment=&#8221;right&#8221; img_id=&#8221;3702&#8243; css=&#8221;.vc_custom_1746291971630{background-position: center !important;background-repeat: no-repeat !important;background-size: cover !important;border-radius: 2px !important;border-color: #232C3F !important;}&#8221; img_size=&#8221;large&#8221;][\/vc_column][vc_column css_animation=&#8221;slideInRight&#8221; width=&#8221;1\/2&#8243;][stm_text_box sep_color=&#8221;custom&#8221; title_color=&#8221;custom&#8221; text_color=&#8221;custom&#8221; stm_bg_color=&#8221;custom&#8221; sep_enable=&#8221;true&#8221; title_color_custom=&#8221;#FFFFFF&#8221; text_color_custom=&#8221;#FFFFFF&#8221; stm_bg_color_custom=&#8221;#232C3F&#8221; text_font_size=&#8221;12&#8243; title=&#8221;Nasza filozofia&#8221; sep_color_custom=&#8221;#5E2129&#8243;]Wierzymy w edukacj\u0119 opart\u0105 na relacji, dzia\u0142aniu i zaufaniu. Uczymy bez presji i rywalizacji, wspieraj\u0105c naturalny rozw\u00f3j ka\u017cdego dziecka. Angielski towarzyszy uczniom ka\u017cdego dnia jako j\u0119zyk codziennej komunikacji. Zamiast ocen i podr\u0119cznik\u00f3w stawiamy na projekty, wsp\u00f3\u0142prac\u0119 i rozwijanie pasji. Tworzymy atmosfer\u0119, w kt\u00f3rej dzieci czuj\u0105 si\u0119 swobodnie, s\u0105 s\u0142yszane i widziane.[\/stm_text_box][\/vc_column][\/vc_row][vc_row full_width=&#8221;stretch_row&#8221; parallax=&#8221;content-moving-fade&#8221; parallax_image=&#8221;3576&#8243; parallax_speed_bg=&#8221;3&#8243; css_animation=&#8221;none&#8221; css=&#8221;.vc_custom_1746271424194{background-color: #232C3F82 !important;border-color: #EEEEEE !important;}&#8221;][vc_column css_animation=&#8221;slideInLeft&#8221; width=&#8221;1\/2&#8243;][stm_text_box sep_color=&#8221;custom&#8221; title_color=&#8221;custom&#8221; text_color=&#8221;custom&#8221; stm_bg_color=&#8221;custom&#8221; sep_enable=&#8221;true&#8221; title=&#8221;Edukacja, kt\u00f3ra wspiera, nie ocenia&#8221; title_color_custom=&#8221;#FFFFFF&#8221; text_color_custom=&#8221;#FFFFFF&#8221; stm_bg_color_custom=&#8221;#232C3FC2&#8243; text_font_size=&#8221;12&#8243; sep_color_custom=&#8221;#5E2129&#8243;]<\/p>\n<p style=\"text-align: justify;\">Wierzymy w edukacj\u0119 bez presji i rywalizacji. Dzieci ucz\u0105 si\u0119 przez dzia\u0142anie, do\u015bwiadczenie i relacje. Ka\u017cde dziecko traktujemy indywidualnie, a j\u0119zyk angielski towarzyszy im na co dzie\u0144 jako naturalne narz\u0119dzie komunikacji.<\/p>\n<p>[\/stm_text_box][\/vc_column][vc_column css_animation=&#8221;slideInRight&#8221; width=&#8221;1\/2&#8243; css=&#8221;.vc_custom_1746259044021{border-radius: 2px !important;border-color: #232C3F !important;}&#8221;][stm_single_image img_alignment=&#8221;right&#8221; img_id=&#8221;3704&#8243; css=&#8221;.vc_custom_1746292570904{background-position: center !important;background-repeat: no-repeat !important;background-size: cover !important;border-radius: 2px !important;border-color: #232C3F !important;}&#8221; img_size=&#8221;large&#8221;][\/vc_column][\/vc_row][vc_row full_width=&#8221;stretch_row&#8221; parallax=&#8221;content-moving-fade&#8221; parallax_speed_bg=&#8221;0&#8243; css_animation=&#8221;none&#8221; css=&#8221;.vc_custom_1746259526789{background-color: #5E2129 !important;border-color: #EEEEEE !important;}&#8221;][vc_column css_animation=&#8221;slideInLeft&#8221; width=&#8221;1\/2&#8243; css=&#8221;.vc_custom_1746259435863{border-radius: 2px !important;border-color: #232C3F !important;}&#8221;][stm_single_image img_alignment=&#8221;right&#8221; img_id=&#8221;3588&#8243; css=&#8221;.vc_custom_1746270764453{background-position: center !important;background-repeat: no-repeat !important;background-size: cover !important;border-radius: 2px !important;border-color: #232C3F !important;}&#8221; img_size=&#8221;large&#8221;][\/vc_column][vc_column css_animation=&#8221;slideInRight&#8221; width=&#8221;1\/2&#8243;][stm_text_box sep_color=&#8221;custom&#8221; title_color=&#8221;custom&#8221; text_color=&#8221;custom&#8221; stm_bg_color=&#8221;custom&#8221; sep_enable=&#8221;true&#8221; title=&#8221;Codzienno\u015b\u0107, kt\u00f3ra inspiruje&#8221; title_color_custom=&#8221;#FFFFFF&#8221; text_color_custom=&#8221;#FFFFFF&#8221; stm_bg_color_custom=&#8221;#5E2129&#8243; text_font_size=&#8221;12&#8243; sep_color_custom=&#8221;#232C3F&#8221;]<\/p>\n<p style=\"text-align: justify;\">Oxford School to miejsce pe\u0142ne \u017cycia, rado\u015bci i tw\u00f3rczo\u015bci. Dzieci pracuj\u0105 w przyjaznej atmosferze, rozwijaj\u0105 talenty i ucz\u0105 si\u0119 przez do\u015bwiadczenia. Stawiamy na blisko\u015b\u0107, swobod\u0119 i codzienny kontakt z j\u0119zykiem angielskim.<\/p>\n<p>[\/stm_text_box][\/vc_column][\/vc_row][vc_row][vc_column][stm_spacing xs_spacing=&#8221;45px&#8221; lg_spacing=&#8221;45px&#8221; md_spacing=&#8221;45px&#8221; sm_spacing=&#8221;45px&#8221;][vc_gallery type=&#8221;flexslider_slide&#8221; interval=&#8221;3&#8243; images=&#8221;3434,3433,3432,3431,3430&#8243; img_size=&#8221;medium&#8221; onclick=&#8221;img_link_large&#8221; css=&#8221;&#8221; title=&#8221;Galeria&#8221;][\/vc_column][\/vc_row][vc_row][vc_column][vc_tta_accordion active_section=&#8221;1&#8243; css_animation=&#8221;bounceIn&#8221; title=&#8221;Oxford School \u2013 najcz\u0119\u015bciej zadawane pytania (FAQ)&#8221; css=&#8221;.vc_custom_1746272222475{border-color: #EEEEEE !important;}&#8221; el_class=&#8221;moj-akordeon&#8221;][vc_tta_section title=&#8221;Jak\u0105 metod\u0105 ucz\u0105 si\u0119 dzieci w Oxford School?&#8221; tab_id=&#8221;1746206707295-00edd706-30d1&#8243;][vc_column_text css=&#8221;&#8221;]Stosujemy metod\u0119 projektow\u0105 oraz immersj\u0119 j\u0119zykow\u0105. Dzieci ucz\u0105 si\u0119 poprzez dzia\u0142anie, wsp\u00f3\u0142prac\u0119 i do\u015bwiadczenie \u2013 bez stresu, rywalizacji czy klasycznych ocen.[\/vc_column_text][\/vc_tta_section][vc_tta_section title=&#8221;Czy moje dziecko musi zna\u0107 angielski, \u017ceby rozpocz\u0105\u0107 nauk\u0119?&#8221; tab_id=&#8221;1746206707303-e161abe8-da21&#8243;][vc_column_text css=&#8221;&#8221;]Nie. Absolwentom przedszkola &#8222;mini Oxford&#8221; na pewno b\u0119dzie \u0142atwiej bo j\u0119zyk angielski nauczany metod\u0105 immersji towarzyszy im od pocz\u0105tku edukacji przedszkolnej. Jednak dzieci spoza naszego przedszkola dzi\u0119ki wykwalifikowanej kadrze i metodom bardzo szybko prze\u0142amuj\u0105 barier\u0119 j\u0119zykow\u0105 i szybko zaczynaj\u0105 rozumie\u0107 i m\u00f3wi\u0107.[\/vc_column_text][\/vc_tta_section][vc_tta_section title=&#8221;Czy angielski jest nauczany codziennie?&#8221; tab_id=&#8221;1746206884730-0ff74b80-b45a&#8221;][vc_column_text css=&#8221;&#8221;]Tak, j\u0119zyk angielski jest obecny ka\u017cdego dnia jako naturalne narz\u0119dzie komunikacji. Od klasy 4 uczniowie maj\u0105 r\u00f3wnie\u017c zaj\u0119cia z j\u0119zyka hiszpa\u0144skiego.[\/vc_column_text][\/vc_tta_section][vc_tta_section title=&#8221;Ile dzieci liczy jedna klasa?&#8221; tab_id=&#8221;1746206934907-a78f1061-b2bd&#8221;][vc_column_text css=&#8221;&#8221;]Klasy s\u0105 kameralne \u2013 maksymalnie 18 uczni\u00f3w. Dzi\u0119ki temu mo\u017cemy zapewni\u0107 indywidualne podej\u015bcie i lepszy kontakt z nauczycielem.[\/vc_column_text][\/vc_tta_section][vc_tta_section title=&#8221;Czy w szkole s\u0105 klasyczne oceny i podr\u0119czniki?&#8221; tab_id=&#8221;1746206937206-b3ab10a3-6854&#8243;][vc_column_text css=&#8221;&#8221;]Oceniamy w spos\u00f3b opisowy, r\u00f3wnie\u017c w klasach 4-8. Ocena w formie stopni b\u0119dzie tylko ocen\u0105 klasyfikacyjn\u0105. Podr\u0119czniki w ograniczonej ilo\u015bci w klasach 1-3. W klasach starszych podr\u0119czniki dobierane pod wzgl\u0119dem warto\u015bciowych tre\u015bci zgodnych z podstaw\u0105 programow\u0105. Uczymy przez projekty, do\u015bwiadczenia i aktywno\u015b\u0107 uczni\u00f3w.[\/vc_column_text][\/vc_tta_section][vc_tta_section title=&#8221;Jak b\u0119dzie wygl\u0105da\u0142o funkcjonowanie klasy 0 (zer\u00f3wki) w Oxford School?&#8221; tab_id=&#8221;1746359073071-0a5a3d61-ce69&#8243;][vc_column_text css=&#8221;&#8221;]Zer\u00f3wka b\u0119dzie funkcjonowa\u0142a w godzinach 7 &#8211; 16. Czesne 450 z\u0142 + wy\u017cywienie. Prowadz\u0105cy zer\u00f3wk\u0119 &#8211; nauczyciel wychowania przedszkolnego oraz nauczyciel j\u0119zyka angielskiego z odpowiednim przygotowaniem[\/vc_column_text][\/vc_tta_section][vc_tta_section title=&#8221;Czy szko\u0142a oferuje wsparcie specjalist\u00f3w?&#8221; tab_id=&#8221;1746206939455-ce9fda33-6a05&#8243;][vc_column_text css=&#8221;&#8221;]Tak. Uczniowie mog\u0105 liczy\u0107 na pomoc psychologa, pedagoga, logopedy oraz innych specjalist\u00f3w.[\/vc_column_text][\/vc_tta_section][vc_tta_section title=&#8221;Gdzie znajduje si\u0119 szko\u0142a?&#8221; tab_id=&#8221;1746206940605-55c21ee9-1165&#8243;][vc_column_text css=&#8221;&#8221;]Oxford School mie\u015bci si\u0119 w nowoczesnej, jasnej przestrzeni w kamienicy przy ul. Lubelskiej 59 w Che\u0142mie \u2013 niedaleko parku miejskiego.[\/vc_column_text][\/vc_tta_section][vc_tta_section title=&#8221;Czy szko\u0142a ma czesne?&#8221; tab_id=&#8221;1746206941942-7a710367-41bf&#8221;][vc_column_text css=&#8221;&#8221;]Tak, czesne wynosi 300 z\u0142 miesi\u0119cznie.[\/vc_column_text][\/vc_tta_section][vc_tta_section title=&#8221;Jakie zaj\u0119cia dodatkowe oferuje szko\u0142a?&#8221; tab_id=&#8221;1746207056053-2879ba60-09a0&#8243;][vc_column_text css=&#8221;&#8221;]Karate, judo, taniec nowoczesny, szarfy, musical, basen i inne &#8211; zgodnie z zainteresowaniami dzieci i rodzic\u00f3w.[\/vc_column_text][\/vc_tta_section][\/vc_tta_accordion][\/vc_column][\/vc_row][vc_row][vc_column][stm_spacing xs_spacing=&#8221;45px&#8221; lg_spacing=&#8221;45px&#8221; md_spacing=&#8221;45px&#8221; sm_spacing=&#8221;45px&#8221;][\/vc_column][\/vc_row]<\/p>\n<\/div>","protected":false},"excerpt":{"rendered":"<p>[vc_row][vc_column][rev_slider_vc alias=&#8221;slider-1&#8243;][\/vc_column][\/vc_row][vc_row css=&#8221;.vc_custom_1448890853831{margin-bottom: 80px !important;}&#8221;][vc_column][stm_call_to_action btn_color=&#8221;blue&#8221; btn_link=&#8221;url:https%3A%2F%2Fwww.oxfordchelm.pl%2Findex.php%2Fkontakt%2F|title:Zapisy&#8221; title=&#8221;Zapisz swoje dziecko ju\u017c teraz!&#8221; image_id=&#8221;52&#8243; img_id=&#8221;3698&#8243; css=&#8221;.vc_custom_1746357036278{margin-top: -100px !important;border-top-width: 4px !important;background-color: #232C3F !important;border-color: #5E2129 !important;}&#8221; margin=&#8221;margin-top:15px;margin-bottom:16px;&#8221; btn_enable=&#8221;true&#8221; img_enable=&#8221;true&#8221; btn_custom_style=&#8221;true&#8221; btn_icon_enable=&#8221;true&#8221;] Prowadzimy zapisy do klas: 0 (zer\u00f3wka),1, 2, 3, 4, 5 oraz 6. [\/stm_call_to_action][\/vc_column][\/vc_row][vc_row css=&#8221;.vc_custom_1448964580466{margin-bottom: 80px !important;}&#8221;][vc_column width=&#8221;1\/2&#8243; offset=&#8221;vc_col-lg-8 vc_col-md-7 vc_col-xs-12&#8243;][stm_title title_tag=&#8221;h2&#8243; title_color=&#8221;custom&#8221; sep_color=&#8221;custom&#8221; sep_enable=&#8221;true&#8221; title=&#8221;Poznaj nasz\u0105 szko\u0142\u0119&#8221; [&hellip;]<\/p>\n","protected":false},"author":1,"featured_media":0,"parent":0,"menu_order":0,"comment_status":"closed","ping_status":"closed","template":"","meta":{"footnotes":""},"class_list":["post-3374","page","type-page","status-publish","hentry"],"yoast_head":"<!-- This site is optimized with the Yoast SEO plugin v27.4 - https:\/\/yoast.com\/product\/yoast-seo-wordpress\/ -->\n<title>Home - Oxford School<\/title>\n<meta name=\"robots\" content=\"index, follow, max-snippet:-1, max-image-preview:large, max-video-preview:-1\" \/>\n<link rel=\"canonical\" href=\"https:\/\/www.oxfordchelm.pl\/\" \/>\n<meta property=\"og:locale\" content=\"pl_PL\" \/>\n<meta property=\"og:type\" content=\"article\" \/>\n<meta property=\"og:title\" content=\"Home - Oxford School\" \/>\n<meta property=\"og:description\" content=\"[vc_row][vc_column][rev_slider_vc alias=&#8221;slider-1&#8243;][\/vc_column][\/vc_row][vc_row css=&#8221;.vc_custom_1448890853831{margin-bottom: 80px !important;}&#8221;][vc_column][stm_call_to_action btn_color=&#8221;blue&#8221; btn_link=&#8221;url:https%3A%2F%2Fwww.oxfordchelm.pl%2Findex.php%2Fkontakt%2F|title:Zapisy&#8221; title=&#8221;Zapisz swoje dziecko ju\u017c teraz!&#8221; image_id=&#8221;52&#8243; img_id=&#8221;3698&#8243; css=&#8221;.vc_custom_1746357036278{margin-top: -100px !important;border-top-width: 4px !important;background-color: #232C3F !important;border-color: #5E2129 !important;}&#8221; margin=&#8221;margin-top:15px;margin-bottom:16px;&#8221; btn_enable=&#8221;true&#8221; img_enable=&#8221;true&#8221; btn_custom_style=&#8221;true&#8221; btn_icon_enable=&#8221;true&#8221;] Prowadzimy zapisy do klas: 0 (zer\u00f3wka),1, 2, 3, 4, 5 oraz 6. [\/stm_call_to_action][\/vc_column][\/vc_row][vc_row css=&#8221;.vc_custom_1448964580466{margin-bottom: 80px !important;}&#8221;][vc_column width=&#8221;1\/2&#8243; offset=&#8221;vc_col-lg-8 vc_col-md-7 vc_col-xs-12&#8243;][stm_title title_tag=&#8221;h2&#8243; title_color=&#8221;custom&#8221; sep_color=&#8221;custom&#8221; sep_enable=&#8221;true&#8221; title=&#8221;Poznaj nasz\u0105 szko\u0142\u0119&#8221; [&hellip;]\" \/>\n<meta property=\"og:url\" content=\"https:\/\/www.oxfordchelm.pl\/\" \/>\n<meta property=\"og:site_name\" content=\"Oxford School\" \/>\n<meta property=\"article:modified_time\" content=\"2025-05-17T16:26:35+00:00\" \/>\n<meta name=\"twitter:card\" content=\"summary_large_image\" \/>\n<meta name=\"twitter:label1\" content=\"Szacowany czas czytania\" \/>\n\t<meta name=\"twitter:data1\" content=\"6 minut\" \/>\n<script type=\"application\/ld+json\" class=\"yoast-schema-graph\">{\"@context\":\"https:\\\/\\\/schema.org\",\"@graph\":[{\"@type\":\"WebPage\",\"@id\":\"https:\\\/\\\/www.oxfordchelm.pl\\\/\",\"url\":\"https:\\\/\\\/www.oxfordchelm.pl\\\/\",\"name\":\"Home - Oxford School\",\"isPartOf\":{\"@id\":\"https:\\\/\\\/www.oxfordchelm.pl\\\/#website\"},\"datePublished\":\"2015-11-25T07:32:41+00:00\",\"dateModified\":\"2025-05-17T16:26:35+00:00\",\"breadcrumb\":{\"@id\":\"https:\\\/\\\/www.oxfordchelm.pl\\\/#breadcrumb\"},\"inLanguage\":\"pl-PL\",\"potentialAction\":[{\"@type\":\"ReadAction\",\"target\":[\"https:\\\/\\\/www.oxfordchelm.pl\\\/\"]}]},{\"@type\":\"BreadcrumbList\",\"@id\":\"https:\\\/\\\/www.oxfordchelm.pl\\\/#breadcrumb\",\"itemListElement\":[{\"@type\":\"ListItem\",\"position\":1,\"name\":\"Strona g\u0142\u00f3wna\",\"item\":\"https:\\\/\\\/www.oxfordchelm.pl\\\/\"},{\"@type\":\"ListItem\",\"position\":2,\"name\":\"Home\"}]},{\"@type\":\"WebSite\",\"@id\":\"https:\\\/\\\/www.oxfordchelm.pl\\\/#website\",\"url\":\"https:\\\/\\\/www.oxfordchelm.pl\\\/\",\"name\":\"Oxford School\",\"description\":\"\",\"publisher\":{\"@id\":\"https:\\\/\\\/www.oxfordchelm.pl\\\/#organization\"},\"potentialAction\":[{\"@type\":\"SearchAction\",\"target\":{\"@type\":\"EntryPoint\",\"urlTemplate\":\"https:\\\/\\\/www.oxfordchelm.pl\\\/?s={search_term_string}\"},\"query-input\":{\"@type\":\"PropertyValueSpecification\",\"valueRequired\":true,\"valueName\":\"search_term_string\"}}],\"inLanguage\":\"pl-PL\"},{\"@type\":\"Organization\",\"@id\":\"https:\\\/\\\/www.oxfordchelm.pl\\\/#organization\",\"name\":\"Oxford School\",\"url\":\"https:\\\/\\\/www.oxfordchelm.pl\\\/\",\"logo\":{\"@type\":\"ImageObject\",\"inLanguage\":\"pl-PL\",\"@id\":\"https:\\\/\\\/www.oxfordchelm.pl\\\/#\\\/schema\\\/logo\\\/image\\\/\",\"url\":\"https:\\\/\\\/www.oxfordchelm.pl\\\/wp-content\\\/uploads\\\/2025\\\/05\\\/cropped-Logo.png\",\"contentUrl\":\"https:\\\/\\\/www.oxfordchelm.pl\\\/wp-content\\\/uploads\\\/2025\\\/05\\\/cropped-Logo.png\",\"width\":512,\"height\":512,\"caption\":\"Oxford School\"},\"image\":{\"@id\":\"https:\\\/\\\/www.oxfordchelm.pl\\\/#\\\/schema\\\/logo\\\/image\\\/\"}}]}<\/script>\n<!-- \/ Yoast SEO plugin. -->","yoast_head_json":{"title":"Home - Oxford School","robots":{"index":"index","follow":"follow","max-snippet":"max-snippet:-1","max-image-preview":"max-image-preview:large","max-video-preview":"max-video-preview:-1"},"canonical":"https:\/\/www.oxfordchelm.pl\/","og_locale":"pl_PL","og_type":"article","og_title":"Home - Oxford School","og_description":"[vc_row][vc_column][rev_slider_vc alias=&#8221;slider-1&#8243;][\/vc_column][\/vc_row][vc_row css=&#8221;.vc_custom_1448890853831{margin-bottom: 80px !important;}&#8221;][vc_column][stm_call_to_action btn_color=&#8221;blue&#8221; btn_link=&#8221;url:https%3A%2F%2Fwww.oxfordchelm.pl%2Findex.php%2Fkontakt%2F|title:Zapisy&#8221; title=&#8221;Zapisz swoje dziecko ju\u017c teraz!&#8221; image_id=&#8221;52&#8243; img_id=&#8221;3698&#8243; css=&#8221;.vc_custom_1746357036278{margin-top: -100px !important;border-top-width: 4px !important;background-color: #232C3F !important;border-color: #5E2129 !important;}&#8221; margin=&#8221;margin-top:15px;margin-bottom:16px;&#8221; btn_enable=&#8221;true&#8221; img_enable=&#8221;true&#8221; btn_custom_style=&#8221;true&#8221; btn_icon_enable=&#8221;true&#8221;] Prowadzimy zapisy do klas: 0 (zer\u00f3wka),1, 2, 3, 4, 5 oraz 6. [\/stm_call_to_action][\/vc_column][\/vc_row][vc_row css=&#8221;.vc_custom_1448964580466{margin-bottom: 80px !important;}&#8221;][vc_column width=&#8221;1\/2&#8243; offset=&#8221;vc_col-lg-8 vc_col-md-7 vc_col-xs-12&#8243;][stm_title title_tag=&#8221;h2&#8243; title_color=&#8221;custom&#8221; sep_color=&#8221;custom&#8221; sep_enable=&#8221;true&#8221; title=&#8221;Poznaj nasz\u0105 szko\u0142\u0119&#8221; [&hellip;]","og_url":"https:\/\/www.oxfordchelm.pl\/","og_site_name":"Oxford School","article_modified_time":"2025-05-17T16:26:35+00:00","twitter_card":"summary_large_image","twitter_misc":{"Szacowany czas czytania":"6 minut"},"schema":{"@context":"https:\/\/schema.org","@graph":[{"@type":"WebPage","@id":"https:\/\/www.oxfordchelm.pl\/","url":"https:\/\/www.oxfordchelm.pl\/","name":"Home - Oxford School","isPartOf":{"@id":"https:\/\/www.oxfordchelm.pl\/#website"},"datePublished":"2015-11-25T07:32:41+00:00","dateModified":"2025-05-17T16:26:35+00:00","breadcrumb":{"@id":"https:\/\/www.oxfordchelm.pl\/#breadcrumb"},"inLanguage":"pl-PL","potentialAction":[{"@type":"ReadAction","target":["https:\/\/www.oxfordchelm.pl\/"]}]},{"@type":"BreadcrumbList","@id":"https:\/\/www.oxfordchelm.pl\/#breadcrumb","itemListElement":[{"@type":"ListItem","position":1,"name":"Strona g\u0142\u00f3wna","item":"https:\/\/www.oxfordchelm.pl\/"},{"@type":"ListItem","position":2,"name":"Home"}]},{"@type":"WebSite","@id":"https:\/\/www.oxfordchelm.pl\/#website","url":"https:\/\/www.oxfordchelm.pl\/","name":"Oxford School","description":"","publisher":{"@id":"https:\/\/www.oxfordchelm.pl\/#organization"},"potentialAction":[{"@type":"SearchAction","target":{"@type":"EntryPoint","urlTemplate":"https:\/\/www.oxfordchelm.pl\/?s={search_term_string}"},"query-input":{"@type":"PropertyValueSpecification","valueRequired":true,"valueName":"search_term_string"}}],"inLanguage":"pl-PL"},{"@type":"Organization","@id":"https:\/\/www.oxfordchelm.pl\/#organization","name":"Oxford School","url":"https:\/\/www.oxfordchelm.pl\/","logo":{"@type":"ImageObject","inLanguage":"pl-PL","@id":"https:\/\/www.oxfordchelm.pl\/#\/schema\/logo\/image\/","url":"https:\/\/www.oxfordchelm.pl\/wp-content\/uploads\/2025\/05\/cropped-Logo.png","contentUrl":"https:\/\/www.oxfordchelm.pl\/wp-content\/uploads\/2025\/05\/cropped-Logo.png","width":512,"height":512,"caption":"Oxford School"},"image":{"@id":"https:\/\/www.oxfordchelm.pl\/#\/schema\/logo\/image\/"}}]}},"_links":{"self":[{"href":"https:\/\/www.oxfordchelm.pl\/index.php\/wp-json\/wp\/v2\/pages\/3374","targetHints":{"allow":["GET"]}}],"collection":[{"href":"https:\/\/www.oxfordchelm.pl\/index.php\/wp-json\/wp\/v2\/pages"}],"about":[{"href":"https:\/\/www.oxfordchelm.pl\/index.php\/wp-json\/wp\/v2\/types\/page"}],"author":[{"embeddable":true,"href":"https:\/\/www.oxfordchelm.pl\/index.php\/wp-json\/wp\/v2\/users\/1"}],"replies":[{"embeddable":true,"href":"https:\/\/www.oxfordchelm.pl\/index.php\/wp-json\/wp\/v2\/comments?post=3374"}],"version-history":[{"count":176,"href":"https:\/\/www.oxfordchelm.pl\/index.php\/wp-json\/wp\/v2\/pages\/3374\/revisions"}],"predecessor-version":[{"id":3820,"href":"https:\/\/www.oxfordchelm.pl\/index.php\/wp-json\/wp\/v2\/pages\/3374\/revisions\/3820"}],"wp:attachment":[{"href":"https:\/\/www.oxfordchelm.pl\/index.php\/wp-json\/wp\/v2\/media?parent=3374"}],"curies":[{"name":"wp","href":"https:\/\/api.w.org\/{rel}","templated":true}]}}